{"id":57,"date":"2025-02-09T21:00:57","date_gmt":"2025-02-09T20:00:57","guid":{"rendered":"https:\/\/www.handicap-chranenadilna.cz\/?page_id=57"},"modified":"2025-07-11T07:36:46","modified_gmt":"2025-07-11T05:36:46","slug":"sluzby-2","status":"publish","type":"page","link":"https:\/\/www.handicap-chranenadilna.cz\/","title":{"rendered":"Handicap &#8211; Chr\u00e1n\u011bn\u00e1 d\u00edlna"},"content":{"rendered":"\t\t<div data-elementor-type=\"wp-page\" data-elementor-id=\"57\" class=\"elementor elementor-57\">\n\t\t\t\t<div class=\"elementor-element elementor-element-1aa2901 e-flex e-con-boxed e-con e-parent\" data-id=\"1aa2901\" data-element_type=\"container\" data-e-type=\"container\">\n\t\t\t\t\t<div class=\"e-con-inner\">\n\t\t\t\t<div class=\"elementor-element elementor-element-f404823 elementor-widget elementor-widget-spacer\" data-id=\"f404823\" data-element_type=\"widget\" data-e-type=\"widget\" data-widget_type=\"spacer.default\">\n\t\t\t\t<div class=\"elementor-widget-container\">\n\t\t\t\t\t\t\t<div class=\"elementor-spacer\">\n\t\t\t<div class=\"elementor-spacer-inner\"><\/div>\n\t\t<\/div>\n\t\t\t\t\t\t<\/div>\n\t\t\t\t<\/div>\n\t\t\t\t\t<\/div>\n\t\t\t\t<\/div>\n\t\t<div class=\"elementor-element elementor-element-3afa4f4 e-flex e-con-boxed e-con e-parent\" data-id=\"3afa4f4\" data-element_type=\"container\" data-e-type=\"container\">\n\t\t\t\t\t<div class=\"e-con-inner\">\n\t\t\t\t<div class=\"elementor-element elementor-element-f525383 elementor-widget elementor-widget-heading\" data-id=\"f525383\" data-element_type=\"widget\" data-e-type=\"widget\" data-widget_type=\"heading.default\">\n\t\t\t\t<div class=\"elementor-widget-container\">\n\t\t\t\t\t<h1 class=\"elementor-heading-title elementor-size-default\">V\u00edtejte na str\u00e1nk\u00e1ch Handicap - chr\u00e1n\u011bn\u00e9 d\u00edlny s posl\u00e1n\u00edm<\/h1>\t\t\t\t<\/div>\n\t\t\t\t<\/div>\n\t\t\t\t<div class=\"elementor-element elementor-element-8f6d039 elementor-widget-divider--view-line elementor-widget elementor-widget-divider\" data-id=\"8f6d039\" data-element_type=\"widget\" data-e-type=\"widget\" data-widget_type=\"divider.default\">\n\t\t\t\t<div class=\"elementor-widget-container\">\n\t\t\t\t\t\t\t<div class=\"elementor-divider\">\n\t\t\t<span class=\"elementor-divider-separator\">\n\t\t\t\t\t\t<\/span>\n\t\t<\/div>\n\t\t\t\t\t\t<\/div>\n\t\t\t\t<\/div>\n\t\t\t\t\t<\/div>\n\t\t\t\t<\/div>\n\t\t<div class=\"elementor-element elementor-element-81fa212 e-flex e-con-boxed e-con e-parent\" data-id=\"81fa212\" data-element_type=\"container\" data-e-type=\"container\">\n\t\t\t\t\t<div class=\"e-con-inner\">\n\t\t<div class=\"elementor-element elementor-element-715c06c e-con-full e-flex e-con e-child\" data-id=\"715c06c\" data-element_type=\"container\" data-e-type=\"container\">\n\t\t\t\t<div class=\"elementor-element elementor-element-15e945c elementor-widget elementor-widget-image\" data-id=\"15e945c\" data-element_type=\"widget\" data-e-type=\"widget\" data-widget_type=\"image.default\">\n\t\t\t\t<div class=\"elementor-widget-container\">\n\t\t\t\t\t\t\t\t\t\t\t\t\t\t\t<img fetchpriority=\"high\" decoding=\"async\" width=\"300\" height=\"300\" src=\"https:\/\/www.handicap-chranenadilna.cz\/wp-content\/uploads\/2025\/01\/Handicap-LOGO-velke.png\" class=\"attachment-medium size-medium wp-image-9\" alt=\"\" srcset=\"\" sizes=\"(max-width: 300px) 100vw, 300px\" \/>\t\t\t\t\t\t\t\t\t\t\t\t\t\t\t<\/div>\n\t\t\t\t<\/div>\n\t\t\t\t<\/div>\n\t\t<div class=\"elementor-element elementor-element-a6acae8 e-con-full e-flex e-con e-child\" data-id=\"a6acae8\" data-element_type=\"container\" data-e-type=\"container\">\n\t\t\t\t<div class=\"elementor-element elementor-element-d382128 elementor-widget elementor-widget-image\" data-id=\"d382128\" data-element_type=\"widget\" data-e-type=\"widget\" data-widget_type=\"image.default\">\n\t\t\t\t<div class=\"elementor-widget-container\">\n\t\t\t\t\t\t\t\t\t\t\t\t\t\t\t<img decoding=\"async\" width=\"640\" height=\"360\" src=\"https:\/\/www.handicap-chranenadilna.cz\/wp-content\/uploads\/2025\/01\/16x9_A_close_up_view_of_a_European_wo-edited-768x432.png\" class=\"attachment-medium_large size-medium_large wp-image-19\" alt=\"\" srcset=\"https:\/\/www.handicap-chranenadilna.cz\/wp-content\/uploads\/2025\/01\/16x9_A_close_up_view_of_a_European_wo-edited-768x432.png 768w, https:\/\/www.handicap-chranenadilna.cz\/wp-content\/uploads\/2025\/01\/16x9_A_close_up_view_of_a_European_wo-edited-300x169.png 300w, https:\/\/www.handicap-chranenadilna.cz\/wp-content\/uploads\/2025\/01\/16x9_A_close_up_view_of_a_European_wo-edited.png 955w\" sizes=\"(max-width: 640px) 100vw, 640px\" \/>\t\t\t\t\t\t\t\t\t\t\t\t\t\t\t<\/div>\n\t\t\t\t<\/div>\n\t\t\t\t<\/div>\n\t\t\t\t\t<\/div>\n\t\t\t\t<\/div>\n\t\t<div class=\"elementor-element elementor-element-1ec5dd8 e-flex e-con-boxed e-con e-parent\" data-id=\"1ec5dd8\" data-element_type=\"container\" data-e-type=\"container\">\n\t\t\t\t\t<div class=\"e-con-inner\">\n\t\t\t\t<div class=\"elementor-element elementor-element-78b6dfe elementor-widget-divider--view-line elementor-widget elementor-widget-divider\" data-id=\"78b6dfe\" data-element_type=\"widget\" data-e-type=\"widget\" data-widget_type=\"divider.default\">\n\t\t\t\t<div class=\"elementor-widget-container\">\n\t\t\t\t\t\t\t<div class=\"elementor-divider\">\n\t\t\t<span class=\"elementor-divider-separator\">\n\t\t\t\t\t\t<\/span>\n\t\t<\/div>\n\t\t\t\t\t\t<\/div>\n\t\t\t\t<\/div>\n\t\t\t\t\t<\/div>\n\t\t\t\t<\/div>\n\t\t<div class=\"elementor-element elementor-element-93f66c1 e-flex e-con-boxed e-con e-parent\" data-id=\"93f66c1\" data-element_type=\"container\" data-e-type=\"container\">\n\t\t\t\t\t<div class=\"e-con-inner\">\n\t\t\t\t<div class=\"elementor-element elementor-element-e8522e4 elementor-widget elementor-widget-text-editor\" data-id=\"e8522e4\" data-element_type=\"widget\" data-e-type=\"widget\" data-widget_type=\"text-editor.default\">\n\t\t\t\t<div class=\"elementor-widget-container\">\n\t\t\t\t\t\t\t\t\t<h6>Na\u0161e chr\u00e1n\u011bn\u00e1 d\u00edlna Handicap s.r.o., s\u00eddl\u00edc\u00ed v Horn\u00edch To\u0161anovic\u00edch, zam\u011bstn\u00e1v\u00e1 osoby se zdravotn\u00edm znev\u00fdhodn\u011bn\u00edm, \u010d\u00edm\u017e jim umo\u017e\u0148uje aktivn\u011b se pod\u00edlet na pracovn\u00edm trhu. Na\u0161\u00edm c\u00edlem je nejen podporovat jejich integraci, ale tak\u00e9 poskytovat firm\u00e1m mo\u017enost spln\u011bn\u00ed z\u00e1konn\u00fdch povinnost\u00ed prost\u0159ednictv\u00edm n\u00e1hradn\u00edho pln\u011bn\u00ed.<\/h6><h3><strong>Co nab\u00edz\u00edme:<\/strong><\/h3><ul><li><h6><strong>\u010cist\u011bn\u00ed a vakuov\u00e1n\u00ed brambor a zeleniny<\/strong> \u2013 Zpracov\u00e1n\u00ed \u010derstv\u00fdch surovin od \u010desk\u00fdch farm\u00e1\u0159\u016f pro va\u0161i kuchyni.<\/h6><\/li><li><h6><strong>Kooperace<\/strong> \u2013 Nab\u00edz\u00edme r\u016fzn\u00e9 kooperace, jako je zakl\u00e1d\u00e1n\u00ed, kompletace, lepen\u00ed \u0161t\u00edtk\u016f, samolepek, nebo rozvoz.<\/h6><\/li><\/ul><h4><strong>Pro\u010d n\u00e1s podpo\u0159it?<\/strong><\/h4><p>Zakoupen\u00edm na\u0161ich v\u00fdrobk\u016f a slu\u017eeb nejen \u017ee z\u00edsk\u00e1te kvalitn\u00ed produkty, ale z\u00e1rove\u0148 podpo\u0159\u00edte t\u00fdm \u0161ikovn\u00fdch a odhodlan\u00fdch lid\u00ed, kte\u0159\u00ed ka\u017ed\u00fd den p\u0159ekon\u00e1vaj\u00ed v\u00fdzvy spojen\u00e9 se zdravotn\u00edm handicapem. D\u00edky v\u00e1m m\u00e1me mo\u017enost zaji\u0161\u0165ovat pro na\u0161e zam\u011bstnance stabiln\u00ed pracovn\u00ed prost\u0159ed\u00ed a vy je podporujete v jejich profesn\u00edm r\u016fstu.<\/p><h5><strong>Pro firmy \u2013 n\u00e1hradn\u00ed pln\u011bn\u00ed<\/strong><\/h5><p>Pom\u00e1h\u00e1me firm\u00e1m splnit z\u00e1konn\u00e9 povinnosti ve form\u011b n\u00e1hradn\u00edho pln\u011bn\u00ed. Garantujeme 100% spolehlivost, a r\u00e1di v\u00e1m nab\u00edz\u00edme \u0161irokou \u0161k\u00e1lu slu\u017eeb, kter\u00e9 tuto povinnost pokryj\u00ed.<\/p><h4><strong>Podpo\u0159te n\u00e1s!<\/strong><\/h4><p>Sv\u00fdm n\u00e1kupem na\u0161ich produkt\u016f nebo vyu\u017eit\u00edm na\u0161ich slu\u017eeb p\u0159isp\u00edv\u00e1te ke zlep\u0161en\u00ed \u017eivotn\u00edch podm\u00ednek osob s r\u016fzn\u00fdmi zdravotn\u00edmi handicapy. D\u011bkujeme, \u017ee n\u00e1m pom\u00e1h\u00e1te budovat lep\u0161\u00ed a rovn\u011bj\u0161\u00ed pracovn\u00ed prost\u0159ed\u00ed pro v\u0161echny.<\/p><p>\u00a0<\/p>\t\t\t\t\t\t\t\t<\/div>\n\t\t\t\t<\/div>\n\t\t\t\t<div class=\"elementor-element elementor-element-7710af1 elementor-widget-divider--view-line elementor-widget elementor-widget-divider\" data-id=\"7710af1\" data-element_type=\"widget\" data-e-type=\"widget\" data-widget_type=\"divider.default\">\n\t\t\t\t<div class=\"elementor-widget-container\">\n\t\t\t\t\t\t\t<div class=\"elementor-divider\">\n\t\t\t<span class=\"elementor-divider-separator\">\n\t\t\t\t\t\t<\/span>\n\t\t<\/div>\n\t\t\t\t\t\t<\/div>\n\t\t\t\t<\/div>\n\t\t\t\t<div class=\"elementor-element elementor-element-d08b875 elementor-widget elementor-widget-heading\" data-id=\"d08b875\" data-element_type=\"widget\" data-e-type=\"widget\" data-widget_type=\"heading.default\">\n\t\t\t\t<div class=\"elementor-widget-container\">\n\t\t\t\t\t<h2 class=\"elementor-heading-title elementor-size-default\">Kontaktujte n\u00e1s<\/h2>\t\t\t\t<\/div>\n\t\t\t\t<\/div>\n\t\t\t\t\t<\/div>\n\t\t\t\t<\/div>\n\t\t<div class=\"elementor-element elementor-element-b091b76 e-flex e-con-boxed e-con e-parent\" data-id=\"b091b76\" data-element_type=\"container\" data-e-type=\"container\">\n\t\t\t\t\t<div class=\"e-con-inner\">\n\t\t\t\t<div class=\"elementor-element elementor-element-7443013 elementor-widget elementor-widget-text-editor\" data-id=\"7443013\" data-element_type=\"widget\" data-e-type=\"widget\" data-widget_type=\"text-editor.default\">\n\t\t\t\t<div class=\"elementor-widget-container\">\n\t\t\t\t\t\t\t\t\t<h5>Pokud m\u00e1te z\u00e1jem o na\u0161e v\u00fdrobky \u010di slu\u017eby, nebo chcete z\u00edskat v\u00edce informac\u00ed o n\u00e1hradn\u00edm pln\u011bn\u00ed, nev\u00e1hejte n\u00e1s kontaktovat:\u00a0<\/h5><p><strong>Kate\u0159ina Rajov\u00e1<\/strong><\/p><p>Provozn\u00ed vedouc\u00ed<\/p><p>tel.: +420 737 643 538<\/p><p>email: info@handicap-chranenadilna.cz<\/p><p>\u00a0<\/p><p><strong>Drahom\u00edra Denkov\u00e1<\/strong><\/p><p>Personalista\u00a0<\/p><p>tel.: +420 775 129 870<\/p><p>kancelar@handicap-chranenadilna.cz<\/p><p>\u00a0<\/p><p><strong>P\u0159emysl Chodurek<\/strong><\/p><p>Objedn\u00e1vky<\/p><p>tel.: +420 775 719 919<\/p><p>objednavky@handicap-chranenadilna.cz<\/p>\t\t\t\t\t\t\t\t<\/div>\n\t\t\t\t<\/div>\n\t\t\t\t<div class=\"elementor-element elementor-element-51aa029 elementor-shape-rounded elementor-grid-0 e-grid-align-center elementor-widget elementor-widget-social-icons\" data-id=\"51aa029\" data-element_type=\"widget\" data-e-type=\"widget\" data-widget_type=\"social-icons.default\">\n\t\t\t\t<div class=\"elementor-widget-container\">\n\t\t\t\t\t\t\t<div class=\"elementor-social-icons-wrapper elementor-grid\" role=\"list\">\n\t\t\t\t\t\t\t<span class=\"elementor-grid-item\" role=\"listitem\">\n\t\t\t\t\t<a class=\"elementor-icon elementor-social-icon elementor-social-icon-facebook elementor-repeater-item-11d3c12\" href=\"https:\/\/www.facebook.com\/profile.php?id=61566783035814\" target=\"_blank\" rel=\"noopener\">\n\t\t\t\t\t\t<span class=\"elementor-screen-only\">Facebook<\/span>\n\t\t\t\t\t\t<svg aria-hidden=\"true\" class=\"e-font-icon-svg e-fab-facebook\" viewBox=\"0 0 512 512\" xmlns=\"http:\/\/www.w3.org\/2000\/svg\"><path d=\"M504 256C504 119 393 8 256 8S8 119 8 256c0 123.78 90.69 226.38 209.25 245V327.69h-63V256h63v-54.64c0-62.15 37-96.48 93.67-96.48 27.14 0 55.52 4.84 55.52 4.84v61h-31.28c-30.8 0-40.41 19.12-40.41 38.73V256h68.78l-11 71.69h-57.78V501C413.31 482.38 504 379.78 504 256z\"><\/path><\/svg>\t\t\t\t\t<\/a>\n\t\t\t\t<\/span>\n\t\t\t\t\t\t\t<span class=\"elementor-grid-item\" role=\"listitem\">\n\t\t\t\t\t<a class=\"elementor-icon elementor-social-icon elementor-social-icon-linkedin-in elementor-repeater-item-4711089\" href=\"https:\/\/www.linkedin.com\/search\/results\/all\/?fetchDeterministicClustersOnly=true&#038;heroEntityKey=urn%3Ali%3Aorganization%3A106221582&#038;keywords=handicap-chr\u00e1n\u011bn\u00e1%20d\u00edlna&#038;origin=RICH_QUERY_SUGGESTION&#038;position=0&#038;searchId=fd928b45-d47d-4f5f-ba05-82f594b535dc&#038;sid=RLS&#038;spellCorrectionEnabled=false\" target=\"_blank\" rel=\"noopener\">\n\t\t\t\t\t\t<span class=\"elementor-screen-only\">Linkedin-in<\/span>\n\t\t\t\t\t\t<svg aria-hidden=\"true\" class=\"e-font-icon-svg e-fab-linkedin-in\" viewBox=\"0 0 448 512\" xmlns=\"http:\/\/www.w3.org\/2000\/svg\"><path d=\"M100.28 448H7.4V148.9h92.88zM53.79 108.1C24.09 108.1 0 83.5 0 53.8a53.79 53.79 0 0 1 107.58 0c0 29.7-24.1 54.3-53.79 54.3zM447.9 448h-92.68V302.4c0-34.7-.7-79.2-48.29-79.2-48.29 0-55.69 37.7-55.69 76.7V448h-92.78V148.9h89.08v40.8h1.3c12.4-23.5 42.69-48.3 87.88-48.3 94 0 111.28 61.9 111.28 142.3V448z\"><\/path><\/svg>\t\t\t\t\t<\/a>\n\t\t\t\t<\/span>\n\t\t\t\t\t\t\t<span class=\"elementor-grid-item\" role=\"listitem\">\n\t\t\t\t\t<a class=\"elementor-icon elementor-social-icon elementor-social-icon-whatsapp elementor-repeater-item-9717219\" href=\"https:\/\/wa.me\/420731090113\" target=\"_blank\" rel=\"noopener\">\n\t\t\t\t\t\t<span class=\"elementor-screen-only\">Whatsapp<\/span>\n\t\t\t\t\t\t<svg aria-hidden=\"true\" class=\"e-font-icon-svg e-fab-whatsapp\" viewBox=\"0 0 448 512\" xmlns=\"http:\/\/www.w3.org\/2000\/svg\"><path d=\"M380.9 97.1C339 55.1 283.2 32 223.9 32c-122.4 0-222 99.6-222 222 0 39.1 10.2 77.3 29.6 111L0 480l117.7-30.9c32.4 17.7 68.9 27 106.1 27h.1c122.3 0 224.1-99.6 224.1-222 0-59.3-25.2-115-67.1-157zm-157 341.6c-33.2 0-65.7-8.9-94-25.7l-6.7-4-69.8 18.3L72 359.2l-4.4-7c-18.5-29.4-28.2-63.3-28.2-98.2 0-101.7 82.8-184.5 184.6-184.5 49.3 0 95.6 19.2 130.4 54.1 34.8 34.9 56.2 81.2 56.1 130.5 0 101.8-84.9 184.6-186.6 184.6zm101.2-138.2c-5.5-2.8-32.8-16.2-37.9-18-5.1-1.9-8.8-2.8-12.5 2.8-3.7 5.6-14.3 18-17.6 21.8-3.2 3.7-6.5 4.2-12 1.4-32.6-16.3-54-29.1-75.5-66-5.7-9.8 5.7-9.1 16.3-30.3 1.8-3.7.9-6.9-.5-9.7-1.4-2.8-12.5-30.1-17.1-41.2-4.5-10.8-9.1-9.3-12.5-9.5-3.2-.2-6.9-.2-10.6-.2-3.7 0-9.7 1.4-14.8 6.9-5.1 5.6-19.4 19-19.4 46.3 0 27.3 19.9 53.7 22.6 57.4 2.8 3.7 39.1 59.7 94.8 83.8 35.2 15.2 49 16.5 66.6 13.9 10.7-1.6 32.8-13.4 37.4-26.4 4.6-13 4.6-24.1 3.2-26.4-1.3-2.5-5-3.9-10.5-6.6z\"><\/path><\/svg>\t\t\t\t\t<\/a>\n\t\t\t\t<\/span>\n\t\t\t\t\t\t\t<span class=\"elementor-grid-item\" role=\"listitem\">\n\t\t\t\t\t<a class=\"elementor-icon elementor-social-icon elementor-social-icon-envelope elementor-repeater-item-7143057\" href=\"mailto:info@handicap-chranenadilna.cz\" target=\"_blank\">\n\t\t\t\t\t\t<span class=\"elementor-screen-only\">Envelope<\/span>\n\t\t\t\t\t\t<svg aria-hidden=\"true\" class=\"e-font-icon-svg e-far-envelope\" viewBox=\"0 0 512 512\" xmlns=\"http:\/\/www.w3.org\/2000\/svg\"><path d=\"M464 64H48C21.49 64 0 85.49 0 112v288c0 26.51 21.49 48 48 48h416c26.51 0 48-21.49 48-48V112c0-26.51-21.49-48-48-48zm0 48v40.805c-22.422 18.259-58.168 46.651-134.587 106.49-16.841 13.247-50.201 45.072-73.413 44.701-23.208.375-56.579-31.459-73.413-44.701C106.18 199.465 70.425 171.067 48 152.805V112h416zM48 400V214.398c22.914 18.251 55.409 43.862 104.938 82.646 21.857 17.205 60.134 55.186 103.062 54.955 42.717.231 80.509-37.199 103.053-54.947 49.528-38.783 82.032-64.401 104.947-82.653V400H48z\"><\/path><\/svg>\t\t\t\t\t<\/a>\n\t\t\t\t<\/span>\n\t\t\t\t\t<\/div>\n\t\t\t\t\t\t<\/div>\n\t\t\t\t<\/div>\n\t\t\t\t\t<\/div>\n\t\t\t\t<\/div>\n\t\t<div class=\"elementor-element elementor-element-13dd215 e-flex e-con-boxed e-con e-parent\" data-id=\"13dd215\" data-element_type=\"container\" data-e-type=\"container\">\n\t\t\t\t\t<div class=\"e-con-inner\">\n\t\t\t\t<div class=\"elementor-element elementor-element-ac1e073 elementor-widget-divider--view-line elementor-widget elementor-widget-divider\" data-id=\"ac1e073\" data-element_type=\"widget\" data-e-type=\"widget\" data-widget_type=\"divider.default\">\n\t\t\t\t<div class=\"elementor-widget-container\">\n\t\t\t\t\t\t\t<div class=\"elementor-divider\">\n\t\t\t<span class=\"elementor-divider-separator\">\n\t\t\t\t\t\t<\/span>\n\t\t<\/div>\n\t\t\t\t\t\t<\/div>\n\t\t\t\t<\/div>\n\t\t\t\t\t<\/div>\n\t\t\t\t<\/div>\n\t\t<div class=\"elementor-element elementor-element-282d94f e-flex e-con-boxed e-con e-parent\" data-id=\"282d94f\" data-element_type=\"container\" data-e-type=\"container\">\n\t\t\t\t\t<div class=\"e-con-inner\">\n\t\t\t\t<div class=\"elementor-element elementor-element-73a623b elementor-arrows-position-inside elementor-pagination-position-outside elementor-widget elementor-widget-image-carousel\" data-id=\"73a623b\" data-element_type=\"widget\" data-e-type=\"widget\" data-settings=\"{&quot;navigation&quot;:&quot;both&quot;,&quot;autoplay&quot;:&quot;yes&quot;,&quot;pause_on_hover&quot;:&quot;yes&quot;,&quot;pause_on_interaction&quot;:&quot;yes&quot;,&quot;autoplay_speed&quot;:5000,&quot;infinite&quot;:&quot;yes&quot;,&quot;speed&quot;:500}\" data-widget_type=\"image-carousel.default\">\n\t\t\t\t<div class=\"elementor-widget-container\">\n\t\t\t\t\t\t\t<div class=\"elementor-image-carousel-wrapper swiper\" role=\"region\" aria-roledescription=\"carousel\" aria-label=\"Obr\u00e1zkov\u00fd koloto\u010d\" dir=\"ltr\">\n\t\t\t<div class=\"elementor-image-carousel swiper-wrapper\" aria-live=\"off\">\n\t\t\t\t\t\t\t\t<div class=\"swiper-slide\" role=\"group\" aria-roledescription=\"slide\" aria-label=\"1 z 5\"><figure class=\"swiper-slide-inner\"><img decoding=\"async\" class=\"swiper-slide-image\" src=\"https:\/\/www.handicap-chranenadilna.cz\/wp-content\/uploads\/2025\/02\/1x1_Petr_el_krouhan__vakuovan_-768x768.png\" alt=\"Kr\u00e1jen\u00e1 petr\u017eel\" \/><\/figure><\/div><div class=\"swiper-slide\" role=\"group\" aria-roledescription=\"slide\" aria-label=\"2 z 5\"><figure class=\"swiper-slide-inner\"><img decoding=\"async\" class=\"swiper-slide-image\" src=\"https:\/\/www.handicap-chranenadilna.cz\/wp-content\/uploads\/2025\/02\/1x1_Zel__evropske__erven___krouhan__-768x768.png\" alt=\"Krouhan\u00e9 \u010derven\u00e9 zel\u00ed\" \/><\/figure><\/div><div class=\"swiper-slide\" role=\"group\" aria-roledescription=\"slide\" aria-label=\"3 z 5\"><figure class=\"swiper-slide-inner\"><img decoding=\"async\" class=\"swiper-slide-image\" src=\"https:\/\/www.handicap-chranenadilna.cz\/wp-content\/uploads\/2025\/02\/1x1_strouhan__z_Zel__evropske_kulat_-768x768.png\" alt=\"Krouhan\u00e9 b\u00edl\u00e9 zel\u00ed\" \/><\/figure><\/div><div class=\"swiper-slide\" role=\"group\" aria-roledescription=\"slide\" aria-label=\"4 z 5\"><figure class=\"swiper-slide-inner\"><img decoding=\"async\" class=\"swiper-slide-image\" src=\"https:\/\/www.handicap-chranenadilna.cz\/wp-content\/uploads\/2025\/02\/1x1_brambory_loupan__krajan___na_mal-768x768.png\" alt=\"Kr\u00e1jen\u00e9 brambory\" \/><\/figure><\/div><div class=\"swiper-slide\" role=\"group\" aria-roledescription=\"slide\" aria-label=\"5 z 5\"><figure class=\"swiper-slide-inner\"><img decoding=\"async\" class=\"swiper-slide-image\" src=\"https:\/\/www.handicap-chranenadilna.cz\/wp-content\/uploads\/2025\/02\/1x1_vakuovan__cibule_krouhan__na_mal-768x768.png\" alt=\"Kr\u00e1jen\u00e1 cibule\" \/><\/figure><\/div>\t\t\t<\/div>\n\t\t\t\t\t\t\t\t\t\t\t\t<div class=\"elementor-swiper-button elementor-swiper-button-prev\" role=\"button\" tabindex=\"0\">\n\t\t\t\t\t\t<svg aria-hidden=\"true\" class=\"e-font-icon-svg e-eicon-chevron-left\" viewBox=\"0 0 1000 1000\" xmlns=\"http:\/\/www.w3.org\/2000\/svg\"><path d=\"M646 125C629 125 613 133 604 142L308 442C296 454 292 471 292 487 292 504 296 521 308 533L604 854C617 867 629 875 646 875 663 875 679 871 692 858 704 846 713 829 713 812 713 796 708 779 692 767L438 487 692 225C700 217 708 204 708 187 708 171 704 154 692 142 675 129 663 125 646 125Z\"><\/path><\/svg>\t\t\t\t\t<\/div>\n\t\t\t\t\t<div class=\"elementor-swiper-button elementor-swiper-button-next\" role=\"button\" tabindex=\"0\">\n\t\t\t\t\t\t<svg aria-hidden=\"true\" class=\"e-font-icon-svg e-eicon-chevron-right\" viewBox=\"0 0 1000 1000\" xmlns=\"http:\/\/www.w3.org\/2000\/svg\"><path d=\"M696 533C708 521 713 504 713 487 713 471 708 454 696 446L400 146C388 133 375 125 354 125 338 125 325 129 313 142 300 154 292 171 292 187 292 204 296 221 308 233L563 492 304 771C292 783 288 800 288 817 288 833 296 850 308 863 321 871 338 875 354 875 371 875 388 867 400 854L696 533Z\"><\/path><\/svg>\t\t\t\t\t<\/div>\n\t\t\t\t\n\t\t\t\t\t\t\t\t\t<div class=\"swiper-pagination\"><\/div>\n\t\t\t\t\t\t\t\t\t<\/div>\n\t\t\t\t\t\t<\/div>\n\t\t\t\t<\/div>\n\t\t\t\t\t<\/div>\n\t\t\t\t<\/div>\n\t\t<div class=\"elementor-element elementor-element-2f4ade8 e-flex e-con-boxed e-con e-parent\" data-id=\"2f4ade8\" data-element_type=\"container\" data-e-type=\"container\">\n\t\t\t\t\t<div class=\"e-con-inner\">\n\t\t\t\t<div class=\"elementor-element elementor-element-cc2fa36 elementor-widget elementor-widget-google_maps\" data-id=\"cc2fa36\" data-element_type=\"widget\" data-e-type=\"widget\" data-widget_type=\"google_maps.default\">\n\t\t\t\t<div class=\"elementor-widget-container\">\n\t\t\t\t\t\t\t<div class=\"elementor-custom-embed\">\n\t\t\t<iframe loading=\"lazy\"\n\t\t\t\t\tsrc=\"https:\/\/maps.google.com\/maps?q=Horn%C3%AD%20To%C5%A1anovice%201&#038;t=m&#038;z=10&#038;output=embed&#038;iwloc=near\"\n\t\t\t\t\ttitle=\"Horn\u00ed To\u0161anovice 1\"\n\t\t\t\t\taria-label=\"Horn\u00ed To\u0161anovice 1\"\n\t\t\t><\/iframe>\n\t\t<\/div>\n\t\t\t\t\t\t<\/div>\n\t\t\t\t<\/div>\n\t\t\t\t\t<\/div>\n\t\t\t\t<\/div>\n\t\t<div class=\"elementor-element elementor-element-f1b9a54 e-flex e-con-boxed e-con e-parent\" data-id=\"f1b9a54\" data-element_type=\"container\" data-e-type=\"container\">\n\t\t\t\t\t<div class=\"e-con-inner\">\n\t\t\t\t<div class=\"elementor-element elementor-element-306ae12 elementor-widget-divider--view-line elementor-widget elementor-widget-divider\" data-id=\"306ae12\" data-element_type=\"widget\" data-e-type=\"widget\" data-widget_type=\"divider.default\">\n\t\t\t\t<div class=\"elementor-widget-container\">\n\t\t\t\t\t\t\t<div class=\"elementor-divider\">\n\t\t\t<span class=\"elementor-divider-separator\">\n\t\t\t\t\t\t<\/span>\n\t\t<\/div>\n\t\t\t\t\t\t<\/div>\n\t\t\t\t<\/div>\n\t\t\t\t\t<\/div>\n\t\t\t\t<\/div>\n\t\t<div class=\"elementor-element elementor-element-077fc5c e-flex e-con-boxed e-con e-parent\" data-id=\"077fc5c\" data-element_type=\"container\" data-e-type=\"container\">\n\t\t\t\t\t<div class=\"e-con-inner\">\n\t\t\t\t<div class=\"elementor-element elementor-element-6d9d74b elementor-widget-divider--view-line elementor-widget elementor-widget-divider\" data-id=\"6d9d74b\" data-element_type=\"widget\" data-e-type=\"widget\" data-widget_type=\"divider.default\">\n\t\t\t\t<div class=\"elementor-widget-container\">\n\t\t\t\t\t\t\t<div class=\"elementor-divider\">\n\t\t\t<span class=\"elementor-divider-separator\">\n\t\t\t\t\t\t<\/span>\n\t\t<\/div>\n\t\t\t\t\t\t<\/div>\n\t\t\t\t<\/div>\n\t\t\t\t\t<\/div>\n\t\t\t\t<\/div>\n\t\t\t\t<\/div>\n\t\t","protected":false},"excerpt":{"rendered":"<p>V\u00edtejte na str\u00e1nk\u00e1ch Handicap &#8211; chr\u00e1n\u011bn\u00e9 d\u00edlny s posl\u00e1n\u00edm Na\u0161e chr\u00e1n\u011bn\u00e1 d\u00edlna Handicap s.r.o., s\u00eddl\u00edc\u00ed v Horn\u00edch To\u0161anovic\u00edch, zam\u011bstn\u00e1v\u00e1 osoby se zdravotn\u00edm znev\u00fdhodn\u011bn\u00edm, \u010d\u00edm\u017e jim umo\u017e\u0148uje aktivn\u011b se pod\u00edlet na pracovn\u00edm trhu. Na\u0161\u00edm c\u00edlem je nejen podporovat jejich integraci, ale tak\u00e9 poskytovat firm\u00e1m mo\u017enost spln\u011bn\u00ed z\u00e1konn\u00fdch povinnost\u00ed prost\u0159ednictv\u00edm n\u00e1hradn\u00edho pln\u011bn\u00ed. Co nab\u00edz\u00edme: \u010cist\u011bn\u00ed a vakuov\u00e1n\u00ed [&hellip;]<\/p>\n","protected":false},"author":1,"featured_media":0,"parent":0,"menu_order":0,"comment_status":"closed","ping_status":"closed","template":"elementor_canvas","meta":{"footnotes":""},"class_list":["post-57","page","type-page","status-publish","hentry"],"_links":{"self":[{"href":"https:\/\/www.handicap-chranenadilna.cz\/index.php?rest_route=\/wp\/v2\/pages\/57","targetHints":{"allow":["GET"]}}],"collection":[{"href":"https:\/\/www.handicap-chranenadilna.cz\/index.php?rest_route=\/wp\/v2\/pages"}],"about":[{"href":"https:\/\/www.handicap-chranenadilna.cz\/index.php?rest_route=\/wp\/v2\/types\/page"}],"author":[{"embeddable":true,"href":"https:\/\/www.handicap-chranenadilna.cz\/index.php?rest_route=\/wp\/v2\/users\/1"}],"replies":[{"embeddable":true,"href":"https:\/\/www.handicap-chranenadilna.cz\/index.php?rest_route=%2Fwp%2Fv2%2Fcomments&post=57"}],"version-history":[{"count":204,"href":"https:\/\/www.handicap-chranenadilna.cz\/index.php?rest_route=\/wp\/v2\/pages\/57\/revisions"}],"predecessor-version":[{"id":341,"href":"https:\/\/www.handicap-chranenadilna.cz\/index.php?rest_route=\/wp\/v2\/pages\/57\/revisions\/341"}],"wp:attachment":[{"href":"https:\/\/www.handicap-chranenadilna.cz\/index.php?rest_route=%2Fwp%2Fv2%2Fmedia&parent=57"}],"curies":[{"name":"wp","href":"https:\/\/api.w.org\/{rel}","templated":true}]}}